{"id":913,"date":"2022-06-14T10:13:06","date_gmt":"2022-06-14T10:13:06","guid":{"rendered":"https:\/\/heroiks.com\/legal-notice\/"},"modified":"2022-11-18T22:47:15","modified_gmt":"2022-11-18T22:47:15","slug":"privacy-policy","status":"publish","type":"page","link":"https:\/\/heroiks.com\/en\/privacy-policy\/","title":{"rendered":"Legal Notice"},"content":{"rendered":"\t\t<div data-elementor-type=\"wp-page\" data-elementor-id=\"913\" class=\"elementor elementor-913 elementor-3\" data-elementor-post-type=\"page\">\n\t\t\t\t\t\t<section class=\"elementor-section elementor-top-section elementor-element elementor-element-3b9428a7 elementor-section-full_width elementor-section-height-full elementor-section-items-stretch elementor-hidden-tablet elementor-hidden-mobile elementor-section-height-default\" data-id=\"3b9428a7\" data-element_type=\"section\" data-e-type=\"section\" data-settings=\"{&quot;background_background&quot;:&quot;classic&quot;}\">\n\t\t\t\t\t\t<div class=\"elementor-container elementor-column-gap-no\">\n\t\t\t\t\t<div class=\"elementor-column elementor-col-50 elementor-top-column elementor-element elementor-element-4db4ebc1\" data-id=\"4db4ebc1\" data-element_type=\"column\" data-e-type=\"column\" data-settings=\"{&quot;background_background&quot;:&quot;classic&quot;}\">\n\t\t\t<div class=\"elementor-widget-wrap elementor-element-populated\">\n\t\t\t\t\t\t<div class=\"elementor-element elementor-element-77a64d2f elementor-widget elementor-widget-heading\" data-id=\"77a64d2f\" data-element_type=\"widget\" data-e-type=\"widget\" data-widget_type=\"heading.default\">\n\t\t\t\t<div class=\"elementor-widget-container\">\n\t\t\t\t\t<h2 class=\"elementor-heading-title elementor-size-default\">LEGAL NOTICES<\/h2>\t\t\t\t<\/div>\n\t\t\t\t<\/div>\n\t\t\t\t<div class=\"elementor-element elementor-element-fc1b988 elementor-widget elementor-widget-image\" data-id=\"fc1b988\" data-element_type=\"widget\" data-e-type=\"widget\" data-widget_type=\"image.default\">\n\t\t\t\t<div class=\"elementor-widget-container\">\n\t\t\t\t\t\t\t\t\t\t\t\t\t\t\t<img decoding=\"async\" width=\"66\" height=\"10\" src=\"https:\/\/heroiks.com\/wp-content\/uploads\/2022\/06\/Ligne-5.png\" class=\"attachment-full size-full wp-image-699\" alt=\"\" \/>\t\t\t\t\t\t\t\t\t\t\t\t\t\t\t<\/div>\n\t\t\t\t<\/div>\n\t\t\t\t<div class=\"elementor-element elementor-element-a5cd7f0 elementor-widget elementor-widget-text-editor\" data-id=\"a5cd7f0\" data-element_type=\"widget\" data-e-type=\"widget\" data-widget_type=\"text-editor.default\">\n\t\t\t\t<div class=\"elementor-widget-container\">\n\t\t\t\t\t\t\t\t\t<p>This website and its contents are the sole property of HEROIKS group. Any reproduction, even partial, of this website is strictly forbidden. \u00a9 2022 HEROIKS<\/p>\n<p>A French joint-stock company (soci\u00e9t\u00e9 par actions simplifi\u00e9es) with share capital of \u20ac24,578,887.20<\/p>\n<p>Registered office: 68, rue Marjolin, 92300 Levallois Perret<br><strong>Tel: +33 (0)1 70 98 98 00<\/strong><br><strong>E-mail: contact@heroiks.com<\/strong><\/p>\n<p>Registered with the Trade and Companies Register (RCS) of Nanterre under the number SIREN 839 823 945 &#8211; <span style=\"color: var( --e-global-color-text ); font-family: var( --e-global-typography-3e193e8-font-family ), Sans-serif; font-size: var( --e-global-typography-3e193e8-font-size ); font-weight: var( --e-global-typography-3e193e8-font-weight ); letter-spacing: var( --e-global-typography-3e193e8-letter-spacing ); word-spacing: var( --e-global-typography-3e193e8-word-spacing ); background-color: var( --e-global-color-dd19dad );\">&nbsp;EU VAT no.: FR55 839823945<\/span><\/p>\n<p><span style=\"background-color: var( --e-global-color-dd19dad ); color: var( --e-global-color-text ); font-family: var( --e-global-typography-3e193e8-font-family ), Sans-serif; font-size: var( --e-global-typography-3e193e8-font-size ); font-weight: var( --e-global-typography-3e193e8-font-weight ); letter-spacing: var( --e-global-typography-3e193e8-letter-spacing ); word-spacing: var( --e-global-typography-3e193e8-word-spacing );\">Publication director: Anthony RAVAU<\/span><\/p>\n<p>Website host:<br>WP Engine<br>Irongate House, 22-30 Duke&#8217;s Place<br>London, EC3A 7LP United Kingdom<br>Tel: +44 (0) 20 3770 9704<br>E-mail: sales@wpengine.com<\/p>\t\t\t\t\t\t\t\t<\/div>\n\t\t\t\t<\/div>\n\t\t\t\t\t<\/div>\n\t\t<\/div>\n\t\t\t\t<div class=\"elementor-column elementor-col-50 elementor-top-column elementor-element elementor-element-3f4995d0\" data-id=\"3f4995d0\" data-element_type=\"column\" data-e-type=\"column\" data-settings=\"{&quot;background_background&quot;:&quot;classic&quot;}\">\n\t\t\t<div class=\"elementor-widget-wrap elementor-element-populated\">\n\t\t\t\t\t\t\t<\/div>\n\t\t<\/div>\n\t\t\t\t\t<\/div>\n\t\t<\/section>\n\t\t\t\t<section class=\"elementor-section elementor-top-section elementor-element elementor-element-4622e99 elementor-section-full_width elementor-section-height-min-height elementor-section-items-top heroiks-homepage-header elementor-hidden-desktop elementor-section-content-top elementor-section-height-default\" data-id=\"4622e99\" data-element_type=\"section\" data-e-type=\"section\">\n\t\t\t\t\t\t<div class=\"elementor-container elementor-column-gap-no\">\n\t\t\t\t\t<div class=\"elementor-column elementor-col-66 elementor-top-column elementor-element elementor-element-728608e\" data-id=\"728608e\" data-element_type=\"column\" data-e-type=\"column\">\n\t\t\t<div class=\"elementor-widget-wrap elementor-element-populated\">\n\t\t\t\t\t<div class=\"elementor-background-overlay\"><\/div>\n\t\t\t\t\t\t<div class=\"elementor-element elementor-element-9b1fa95 elementor-widget-mobile__width-auto elementor-absolute elementor-widget-tablet__width-auto elementor-widget elementor-widget-image\" data-id=\"9b1fa95\" data-element_type=\"widget\" data-e-type=\"widget\" data-settings=\"{&quot;_position&quot;:&quot;absolute&quot;}\" data-widget_type=\"image.default\">\n\t\t\t\t<div class=\"elementor-widget-container\">\n\t\t\t\t\t\t\t\t\t\t\t\t\t\t\t\t<a href=\"#our-expertise\">\n\t\t\t\t\t\t\t<img decoding=\"async\" width=\"41\" height=\"41\" src=\"https:\/\/heroiks.com\/wp-content\/uploads\/2022\/06\/heroiks-arrow-bottom.png\" class=\"attachment-medium size-medium wp-image-729\" alt=\"\" \/>\t\t\t\t\t\t\t\t<\/a>\n\t\t\t\t\t\t\t\t\t\t\t\t\t\t\t<\/div>\n\t\t\t\t<\/div>\n\t\t<div class=\"elementor-element elementor-element-3f7fd9a heroiks-corner e-flex e-con-boxed e-con e-parent\" data-id=\"3f7fd9a\" data-element_type=\"container\" data-e-type=\"container\">\n\t\t\t\t\t<div class=\"e-con-inner\">\n\t\t\t\t\t<\/div>\n\t\t\t\t<\/div>\n\t\t\t\t<div class=\"elementor-element elementor-element-42e6698 elementor-widget elementor-widget-image\" data-id=\"42e6698\" data-element_type=\"widget\" data-e-type=\"widget\" data-widget_type=\"image.default\">\n\t\t\t\t<div class=\"elementor-widget-container\">\n\t\t\t\t\t\t\t\t\t\t\t\t\t\t\t<img fetchpriority=\"high\" decoding=\"async\" width=\"800\" height=\"805\" src=\"https:\/\/heroiks.com\/wp-content\/uploads\/2022\/06\/heroiks-apropos-quisommesnous-header.png\" class=\"attachment-large size-large wp-image-748\" alt=\"\" srcset=\"https:\/\/heroiks.com\/wp-content\/uploads\/2022\/06\/heroiks-apropos-quisommesnous-header.png 939w, https:\/\/heroiks.com\/wp-content\/uploads\/2022\/06\/heroiks-apropos-quisommesnous-header-298x300.png 298w, https:\/\/heroiks.com\/wp-content\/uploads\/2022\/06\/heroiks-apropos-quisommesnous-header-150x150.png 150w, https:\/\/heroiks.com\/wp-content\/uploads\/2022\/06\/heroiks-apropos-quisommesnous-header-768x773.png 768w\" sizes=\"(max-width: 800px) 100vw, 800px\" \/>\t\t\t\t\t\t\t\t\t\t\t\t\t\t\t<\/div>\n\t\t\t\t<\/div>\n\t\t\t\t\t<\/div>\n\t\t<\/div>\n\t\t\t\t<div class=\"elementor-column elementor-col-33 elementor-top-column elementor-element elementor-element-b00c8a9\" data-id=\"b00c8a9\" data-element_type=\"column\" data-e-type=\"column\">\n\t\t\t<div class=\"elementor-widget-wrap elementor-element-populated\">\n\t\t\t\t\t\t<div class=\"elementor-element elementor-element-6a5bf73 elementor-widget elementor-widget-heading\" data-id=\"6a5bf73\" data-element_type=\"widget\" data-e-type=\"widget\" data-widget_type=\"heading.default\">\n\t\t\t\t<div class=\"elementor-widget-container\">\n\t\t\t\t\t<h2 class=\"elementor-heading-title elementor-size-default\">LEGAL NOTICES<\/h2>\t\t\t\t<\/div>\n\t\t\t\t<\/div>\n\t\t\t\t<div class=\"elementor-element elementor-element-cf104c2 elementor-widget elementor-widget-global elementor-global-201 elementor-widget-image\" data-id=\"cf104c2\" data-element_type=\"widget\" data-e-type=\"widget\" data-widget_type=\"image.default\">\n\t\t\t\t<div class=\"elementor-widget-container\">\n\t\t\t\t\t\t\t\t\t\t\t\t\t\t\t<img decoding=\"async\" width=\"66\" height=\"10\" src=\"https:\/\/heroiks.com\/wp-content\/uploads\/2022\/06\/Ligne-5.png\" class=\"attachment-full size-full wp-image-699\" alt=\"\" \/>\t\t\t\t\t\t\t\t\t\t\t\t\t\t\t<\/div>\n\t\t\t\t<\/div>\n\t\t\t\t<div class=\"elementor-element elementor-element-fc7db2b elementor-widget elementor-widget-text-editor\" data-id=\"fc7db2b\" data-element_type=\"widget\" data-e-type=\"widget\" data-widget_type=\"text-editor.default\">\n\t\t\t\t<div class=\"elementor-widget-container\">\n\t\t\t\t\t\t\t\t\t<p>This website and its contents are the sole property of HEROIKS group. Any reproduction, even partial, of this website is strictly forbidden. \u00a9 2022 HEROIKS<\/p>\n<p>A French joint-stock company (soci\u00e9t\u00e9 par actions simplifi\u00e9es) with share capital of \u20ac24,578,887.20<\/p>\n<p>Registered office: 68, rue Marjolin, 92300 Levallois Perret<br \/><strong>Tel: +33 (0)1 70 98 98 00<\/strong><br \/><strong>E-mail: contact@heroiks.com<\/strong><\/p>\n<p>Registered with the Trade and Companies Register (RCS) of Nanterre under the number SIREN 839 823 945 &#8211; span, wpml_nbspEU VAT no.: FR55 839823945 <\/p>\n<p>Publication director: Anthony RAVAU<\/p>\n<p>Website host:<br \/>WP Engine<br \/>Irongate House, 22-30 Duke&#8217;s Place<br \/>London, EC3A 7LP United Kingdom<br \/>Tel: +44 (0) 20 3770 9704<br \/>E-mail: sales@wpengine.com<\/p><\/p>\n\t\t\t\t\t\t\t\t<\/div>\n\t\t\t\t<\/div>\n\t\t\t\t\t<\/div>\n\t\t<\/div>\n\t\t\t\t\t<\/div>\n\t\t<\/section>\n\t\t\t\t<\/div>\n\t\t","protected":false},"excerpt":{"rendered":"<p>LEGAL NOTICES This website and its contents are the sole property of HEROIKS group. Any reproduction, even partial, of this website is strictly forbidden. \u00a9 2022 HEROIKS A French joint-stock company (soci\u00e9t\u00e9 par actions simplifi\u00e9es) with share capital of \u20ac24,578,887.20 Registered office: 68, rue Marjolin, 92300 Levallois PerretTel: +33 (0)1 70 98 98 00E-mail: contact@heroiks.com [&hellip;]<\/p>\n","protected":false},"author":1,"featured_media":0,"parent":0,"menu_order":0,"comment_status":"closed","ping_status":"open","template":"","meta":{"_acf_changed":false,"footnotes":""},"class_list":["post-913","page","type-page","status-publish","hentry"],"acf":[],"yoast_head":"<!-- This site is optimized with the Yoast SEO plugin v27.5 - https:\/\/yoast.com\/product\/yoast-seo-wordpress\/ -->\n<title>Legal Notice - Heroiks<\/title>\n<meta name=\"robots\" content=\"index, follow, max-snippet:-1, max-image-preview:large, max-video-preview:-1\" \/>\n<link rel=\"canonical\" href=\"https:\/\/heroiks.com\/en\/privacy-policy\/\" \/>\n<meta property=\"og:locale\" content=\"en_US\" \/>\n<meta property=\"og:type\" content=\"article\" \/>\n<meta property=\"og:title\" content=\"Legal Notice - Heroiks\" \/>\n<meta property=\"og:description\" content=\"LEGAL NOTICES This website and its contents are the sole property of HEROIKS group. Any reproduction, even partial, of this website is strictly forbidden. \u00a9 2022 HEROIKS A French joint-stock company (soci\u00e9t\u00e9 par actions simplifi\u00e9es) with share capital of \u20ac24,578,887.20 Registered office: 68, rue Marjolin, 92300 Levallois PerretTel: +33 (0)1 70 98 98 00E-mail: contact@heroiks.com [&hellip;]\" \/>\n<meta property=\"og:url\" content=\"https:\/\/heroiks.com\/en\/privacy-policy\/\" \/>\n<meta property=\"og:site_name\" content=\"Heroiks\" \/>\n<meta property=\"article:modified_time\" content=\"2022-11-18T22:47:15+00:00\" \/>\n<meta property=\"og:image\" content=\"https:\/\/heroiks.com\/wp-content\/uploads\/2022\/06\/Ligne-5.png\" \/>\n<meta name=\"twitter:card\" content=\"summary_large_image\" \/>\n<meta name=\"twitter:label1\" content=\"Est. reading time\" \/>\n\t<meta name=\"twitter:data1\" content=\"1 minute\" \/>\n<script type=\"application\/ld+json\" class=\"yoast-schema-graph\">{\"@context\":\"https:\\\/\\\/schema.org\",\"@graph\":[{\"@type\":\"WebPage\",\"@id\":\"https:\\\/\\\/heroiks.com\\\/en\\\/privacy-policy\\\/\",\"url\":\"https:\\\/\\\/heroiks.com\\\/en\\\/privacy-policy\\\/\",\"name\":\"Legal Notice - Heroiks\",\"isPartOf\":{\"@id\":\"https:\\\/\\\/heroiks.com\\\/en\\\/#website\"},\"primaryImageOfPage\":{\"@id\":\"https:\\\/\\\/heroiks.com\\\/en\\\/privacy-policy\\\/#primaryimage\"},\"image\":{\"@id\":\"https:\\\/\\\/heroiks.com\\\/en\\\/privacy-policy\\\/#primaryimage\"},\"thumbnailUrl\":\"https:\\\/\\\/heroiks.com\\\/wp-content\\\/uploads\\\/2022\\\/06\\\/Ligne-5.png\",\"datePublished\":\"2022-06-14T10:13:06+00:00\",\"dateModified\":\"2022-11-18T22:47:15+00:00\",\"breadcrumb\":{\"@id\":\"https:\\\/\\\/heroiks.com\\\/en\\\/privacy-policy\\\/#breadcrumb\"},\"inLanguage\":\"en-US\",\"potentialAction\":[{\"@type\":\"ReadAction\",\"target\":[\"https:\\\/\\\/heroiks.com\\\/en\\\/privacy-policy\\\/\"]}]},{\"@type\":\"ImageObject\",\"inLanguage\":\"en-US\",\"@id\":\"https:\\\/\\\/heroiks.com\\\/en\\\/privacy-policy\\\/#primaryimage\",\"url\":\"https:\\\/\\\/heroiks.com\\\/wp-content\\\/uploads\\\/2022\\\/06\\\/Ligne-5.png\",\"contentUrl\":\"https:\\\/\\\/heroiks.com\\\/wp-content\\\/uploads\\\/2022\\\/06\\\/Ligne-5.png\"},{\"@type\":\"BreadcrumbList\",\"@id\":\"https:\\\/\\\/heroiks.com\\\/en\\\/privacy-policy\\\/#breadcrumb\",\"itemListElement\":[{\"@type\":\"ListItem\",\"position\":1,\"name\":\"Accueil\",\"item\":\"https:\\\/\\\/heroiks.com\\\/en\\\/homepage-2\\\/\"},{\"@type\":\"ListItem\",\"position\":2,\"name\":\"Legal Notice\"}]},{\"@type\":\"WebSite\",\"@id\":\"https:\\\/\\\/heroiks.com\\\/en\\\/#website\",\"url\":\"https:\\\/\\\/heroiks.com\\\/en\\\/\",\"name\":\"Heroiks\",\"description\":\"The Growth Platform\",\"publisher\":{\"@id\":\"https:\\\/\\\/heroiks.com\\\/en\\\/#organization\"},\"potentialAction\":[{\"@type\":\"SearchAction\",\"target\":{\"@type\":\"EntryPoint\",\"urlTemplate\":\"https:\\\/\\\/heroiks.com\\\/en\\\/?s={search_term_string}\"},\"query-input\":{\"@type\":\"PropertyValueSpecification\",\"valueRequired\":true,\"valueName\":\"search_term_string\"}}],\"inLanguage\":\"en-US\"},{\"@type\":\"Organization\",\"@id\":\"https:\\\/\\\/heroiks.com\\\/en\\\/#organization\",\"name\":\"Heroiks\",\"url\":\"https:\\\/\\\/heroiks.com\\\/en\\\/\",\"logo\":{\"@type\":\"ImageObject\",\"inLanguage\":\"en-US\",\"@id\":\"https:\\\/\\\/heroiks.com\\\/en\\\/#\\\/schema\\\/logo\\\/image\\\/\",\"url\":\"https:\\\/\\\/heroiks.com\\\/wp-content\\\/uploads\\\/2022\\\/06\\\/LOGO-1.svg\",\"contentUrl\":\"https:\\\/\\\/heroiks.com\\\/wp-content\\\/uploads\\\/2022\\\/06\\\/LOGO-1.svg\",\"caption\":\"Heroiks\"},\"image\":{\"@id\":\"https:\\\/\\\/heroiks.com\\\/en\\\/#\\\/schema\\\/logo\\\/image\\\/\"}}]}<\/script>\n<!-- \/ Yoast SEO plugin. -->","yoast_head_json":{"title":"Legal Notice - Heroiks","robots":{"index":"index","follow":"follow","max-snippet":"max-snippet:-1","max-image-preview":"max-image-preview:large","max-video-preview":"max-video-preview:-1"},"canonical":"https:\/\/heroiks.com\/en\/privacy-policy\/","og_locale":"en_US","og_type":"article","og_title":"Legal Notice - Heroiks","og_description":"LEGAL NOTICES This website and its contents are the sole property of HEROIKS group. Any reproduction, even partial, of this website is strictly forbidden. \u00a9 2022 HEROIKS A French joint-stock company (soci\u00e9t\u00e9 par actions simplifi\u00e9es) with share capital of \u20ac24,578,887.20 Registered office: 68, rue Marjolin, 92300 Levallois PerretTel: +33 (0)1 70 98 98 00E-mail: contact@heroiks.com [&hellip;]","og_url":"https:\/\/heroiks.com\/en\/privacy-policy\/","og_site_name":"Heroiks","article_modified_time":"2022-11-18T22:47:15+00:00","og_image":[{"url":"https:\/\/heroiks.com\/wp-content\/uploads\/2022\/06\/Ligne-5.png","type":"","width":"","height":""}],"twitter_card":"summary_large_image","twitter_misc":{"Est. reading time":"1 minute"},"schema":{"@context":"https:\/\/schema.org","@graph":[{"@type":"WebPage","@id":"https:\/\/heroiks.com\/en\/privacy-policy\/","url":"https:\/\/heroiks.com\/en\/privacy-policy\/","name":"Legal Notice - Heroiks","isPartOf":{"@id":"https:\/\/heroiks.com\/en\/#website"},"primaryImageOfPage":{"@id":"https:\/\/heroiks.com\/en\/privacy-policy\/#primaryimage"},"image":{"@id":"https:\/\/heroiks.com\/en\/privacy-policy\/#primaryimage"},"thumbnailUrl":"https:\/\/heroiks.com\/wp-content\/uploads\/2022\/06\/Ligne-5.png","datePublished":"2022-06-14T10:13:06+00:00","dateModified":"2022-11-18T22:47:15+00:00","breadcrumb":{"@id":"https:\/\/heroiks.com\/en\/privacy-policy\/#breadcrumb"},"inLanguage":"en-US","potentialAction":[{"@type":"ReadAction","target":["https:\/\/heroiks.com\/en\/privacy-policy\/"]}]},{"@type":"ImageObject","inLanguage":"en-US","@id":"https:\/\/heroiks.com\/en\/privacy-policy\/#primaryimage","url":"https:\/\/heroiks.com\/wp-content\/uploads\/2022\/06\/Ligne-5.png","contentUrl":"https:\/\/heroiks.com\/wp-content\/uploads\/2022\/06\/Ligne-5.png"},{"@type":"BreadcrumbList","@id":"https:\/\/heroiks.com\/en\/privacy-policy\/#breadcrumb","itemListElement":[{"@type":"ListItem","position":1,"name":"Accueil","item":"https:\/\/heroiks.com\/en\/homepage-2\/"},{"@type":"ListItem","position":2,"name":"Legal Notice"}]},{"@type":"WebSite","@id":"https:\/\/heroiks.com\/en\/#website","url":"https:\/\/heroiks.com\/en\/","name":"Heroiks","description":"The Growth Platform","publisher":{"@id":"https:\/\/heroiks.com\/en\/#organization"},"potentialAction":[{"@type":"SearchAction","target":{"@type":"EntryPoint","urlTemplate":"https:\/\/heroiks.com\/en\/?s={search_term_string}"},"query-input":{"@type":"PropertyValueSpecification","valueRequired":true,"valueName":"search_term_string"}}],"inLanguage":"en-US"},{"@type":"Organization","@id":"https:\/\/heroiks.com\/en\/#organization","name":"Heroiks","url":"https:\/\/heroiks.com\/en\/","logo":{"@type":"ImageObject","inLanguage":"en-US","@id":"https:\/\/heroiks.com\/en\/#\/schema\/logo\/image\/","url":"https:\/\/heroiks.com\/wp-content\/uploads\/2022\/06\/LOGO-1.svg","contentUrl":"https:\/\/heroiks.com\/wp-content\/uploads\/2022\/06\/LOGO-1.svg","caption":"Heroiks"},"image":{"@id":"https:\/\/heroiks.com\/en\/#\/schema\/logo\/image\/"}}]}},"featured_image_src":null,"featured_image_src_square":null,"_links":{"self":[{"href":"https:\/\/heroiks.com\/en\/wp-json\/wp\/v2\/pages\/913","targetHints":{"allow":["GET"]}}],"collection":[{"href":"https:\/\/heroiks.com\/en\/wp-json\/wp\/v2\/pages"}],"about":[{"href":"https:\/\/heroiks.com\/en\/wp-json\/wp\/v2\/types\/page"}],"author":[{"embeddable":true,"href":"https:\/\/heroiks.com\/en\/wp-json\/wp\/v2\/users\/1"}],"replies":[{"embeddable":true,"href":"https:\/\/heroiks.com\/en\/wp-json\/wp\/v2\/comments?post=913"}],"version-history":[{"count":0,"href":"https:\/\/heroiks.com\/en\/wp-json\/wp\/v2\/pages\/913\/revisions"}],"wp:attachment":[{"href":"https:\/\/heroiks.com\/en\/wp-json\/wp\/v2\/media?parent=913"}],"curies":[{"name":"wp","href":"https:\/\/api.w.org\/{rel}","templated":true}]}}